{"id":1254,"date":"2024-10-19T22:17:47","date_gmt":"2024-10-19T20:17:47","guid":{"rendered":"https:\/\/lestremhunting.fr\/?page_id=1254"},"modified":"2026-03-05T17:38:30","modified_gmt":"2026-03-05T16:38:30","slug":"toneleria-navarre","status":"publish","type":"page","link":"https:\/\/lestremhunting.fr\/es\/toneleria-navarre\/","title":{"rendered":"TONELER\u00cdA NAVARRE"},"content":{"rendered":"\r\n<h2 class=\"wp-block-heading has-text-align-center\">Toneler\u00eda Navarre<\/h2>\r\n\r\n\r\n\r\n\r\nLa toneler\u00eda Navarre es una empresa reconocida por su saber hacer tradicional en la fabricaci\u00f3n de barricas destinadas al envejecimiento de los mejores co\u00f1acs.\r\n\r\nLa toneler\u00eda combina tradici\u00f3n e innovaci\u00f3n para crear y reparar barricas excepcionales que satisfacen las exigencias de las casas de co\u00f1ac.\r\n\r\nCada barrica dise\u00f1ada es el resultado de un minucioso trabajo, fruto de una selecci\u00f3n de las mejores robles.\r\n\r\n\r\n\r\n\r\n<div class=\"wp-block-jetpack-tiled-gallery aligncenter is-style-rectangular\">\r\n<div class=\"\">\r\n<div class=\"tiled-gallery__gallery\">\r\n<div class=\"tiled-gallery__row\">\r\n<div class=\"tiled-gallery__col\" style=\"flex-basis: 53.61291%;\">\r\n<figure class=\"tiled-gallery__item\"><img data-recalc-dims=\"1\" decoding=\"async\" role=\"button\" tabindex=\"0\" aria-label=\"Abrir la imagen 1 de 8 en pantalla completa\"srcset=\"https:\/\/lestremhunting.fr\/wp-content\/uploads\/2024\/10\/818f5135-0408-4dd3-9b75-4a3e5889fbf6.jpg?strip=info&#038;w=600 600w,https:\/\/lestremhunting.fr\/wp-content\/uploads\/2024\/10\/818f5135-0408-4dd3-9b75-4a3e5889fbf6.jpg?strip=info&#038;w=900 900w,https:\/\/lestremhunting.fr\/wp-content\/uploads\/2024\/10\/818f5135-0408-4dd3-9b75-4a3e5889fbf6.jpg?strip=info&#038;w=1200 1200w,https:\/\/lestremhunting.fr\/wp-content\/uploads\/2024\/10\/818f5135-0408-4dd3-9b75-4a3e5889fbf6.jpg?strip=info&#038;w=1480 1480w\" role=\"button\" src=\"https:\/\/i0.wp.com\/lestremhunting.fr\/wp-content\/uploads\/2024\/10\/818f5135-0408-4dd3-9b75-4a3e5889fbf6.jpg?ssl=1\" alt=\"\" data-height=\"1600\" data-id=\"332\" data-link=\"https:\/\/lestremhunting.fr\/?attachment_id=332\" data-url=\"https:\/\/lestremhunting.fr\/wp-content\/uploads\/2024\/10\/818f5135-0408-4dd3-9b75-4a3e5889fbf6.jpg?w=947\" data-width=\"1480\" aria-label=\"Ouvrir l\u2019image 1 sur 8 en plein \u00e9cran\" \/><\/figure>\r\n<\/div>\r\n<div class=\"tiled-gallery__col\" style=\"flex-basis: 46.38709%;\">\r\n<figure class=\"tiled-gallery__item\"><img data-recalc-dims=\"1\" decoding=\"async\" role=\"button\" tabindex=\"0\" aria-label=\"Abrir la imagen 2 de 8 en pantalla completa\"srcset=\"https:\/\/lestremhunting.fr\/wp-content\/uploads\/2024\/10\/47d11195-b413-49f1-be21-dd990b31d736.jpg?strip=info&#038;w=600 600w,https:\/\/lestremhunting.fr\/wp-content\/uploads\/2024\/10\/47d11195-b413-49f1-be21-dd990b31d736.jpg?strip=info&#038;w=900 900w,https:\/\/lestremhunting.fr\/wp-content\/uploads\/2024\/10\/47d11195-b413-49f1-be21-dd990b31d736.jpg?strip=info&#038;w=1200 1200w,https:\/\/lestremhunting.fr\/wp-content\/uploads\/2024\/10\/47d11195-b413-49f1-be21-dd990b31d736.jpg?strip=info&#038;w=1280 1280w\" role=\"button\" src=\"https:\/\/i0.wp.com\/lestremhunting.fr\/wp-content\/uploads\/2024\/10\/47d11195-b413-49f1-be21-dd990b31d736.jpg?ssl=1\" alt=\"\" data-height=\"1600\" data-id=\"330\" data-link=\"https:\/\/lestremhunting.fr\/?attachment_id=330\" data-url=\"https:\/\/lestremhunting.fr\/wp-content\/uploads\/2024\/10\/47d11195-b413-49f1-be21-dd990b31d736.jpg?w=819\" data-width=\"1280\" aria-label=\"Ouvrir l\u2019image 2 sur 8 en plein \u00e9cran\" \/><\/figure>\r\n<\/div>\r\n<\/div>\r\n<div class=\"tiled-gallery__row\">\r\n<div class=\"tiled-gallery__col\" style=\"flex-basis: 31.72836%;\">\r\n<figure class=\"tiled-gallery__item\"><img data-recalc-dims=\"1\" decoding=\"async\" role=\"button\" tabindex=\"0\" aria-label=\"Abrir la imagen 3 de 8 en pantalla completa\"srcset=\"https:\/\/lestremhunting.fr\/wp-content\/uploads\/2024\/10\/c37cdf6f-c1e7-4834-95ad-119a931fcd6e.jpg?strip=info&#038;w=600 600w,https:\/\/lestremhunting.fr\/wp-content\/uploads\/2024\/10\/c37cdf6f-c1e7-4834-95ad-119a931fcd6e.jpg?strip=info&#038;w=613 613w\" role=\"button\" src=\"https:\/\/i0.wp.com\/lestremhunting.fr\/wp-content\/uploads\/2024\/10\/c37cdf6f-c1e7-4834-95ad-119a931fcd6e.jpg?ssl=1\" alt=\"\" data-height=\"613\" data-id=\"327\" data-link=\"https:\/\/lestremhunting.fr\/?attachment_id=327\" data-url=\"https:\/\/lestremhunting.fr\/wp-content\/uploads\/2024\/10\/c37cdf6f-c1e7-4834-95ad-119a931fcd6e.jpg?w=613\" data-width=\"613\" aria-label=\"Ouvrir l\u2019image 3 sur 8 en plein \u00e9cran\" \/><\/figure>\r\n<figure class=\"tiled-gallery__item\"><img data-recalc-dims=\"1\" decoding=\"async\" role=\"button\" tabindex=\"0\" aria-label=\"Abrir la imagen 4 de 8 en pantalla completa\"srcset=\"https:\/\/lestremhunting.fr\/wp-content\/uploads\/2024\/10\/19cf2ee2-f6be-4747-8974-20e6f7004f06.jpg?strip=info&#038;w=600 600w,https:\/\/lestremhunting.fr\/wp-content\/uploads\/2024\/10\/19cf2ee2-f6be-4747-8974-20e6f7004f06.jpg?strip=info&#038;w=900 900w,https:\/\/lestremhunting.fr\/wp-content\/uploads\/2024\/10\/19cf2ee2-f6be-4747-8974-20e6f7004f06.jpg?strip=info&#038;w=1175 1175w\" role=\"button\" src=\"https:\/\/i0.wp.com\/lestremhunting.fr\/wp-content\/uploads\/2024\/10\/19cf2ee2-f6be-4747-8974-20e6f7004f06.jpg?ssl=1\" alt=\"\" data-height=\"1175\" data-id=\"329\" data-link=\"https:\/\/lestremhunting.fr\/?attachment_id=329\" data-url=\"https:\/\/lestremhunting.fr\/wp-content\/uploads\/2024\/10\/19cf2ee2-f6be-4747-8974-20e6f7004f06.jpg?w=1024\" data-width=\"1175\" aria-label=\"Ouvrir l\u2019image 4 sur 8 en plein \u00e9cran\" \/><\/figure>\r\n<figure class=\"tiled-gallery__item\"><img data-recalc-dims=\"1\" decoding=\"async\" role=\"button\" tabindex=\"0\" aria-label=\"Abrir la imagen 5 de 8 en pantalla completa\"srcset=\"https:\/\/lestremhunting.fr\/wp-content\/uploads\/2024\/10\/eed194bb-8d80-4418-994b-f3d3da1ee215.jpg?strip=info&#038;w=600 600w,https:\/\/lestremhunting.fr\/wp-content\/uploads\/2024\/10\/eed194bb-8d80-4418-994b-f3d3da1ee215.jpg?strip=info&#038;w=900 900w,https:\/\/lestremhunting.fr\/wp-content\/uploads\/2024\/10\/eed194bb-8d80-4418-994b-f3d3da1ee215.jpg?strip=info&#038;w=920 920w\" role=\"button\" src=\"https:\/\/i0.wp.com\/lestremhunting.fr\/wp-content\/uploads\/2024\/10\/eed194bb-8d80-4418-994b-f3d3da1ee215.jpg?ssl=1\" alt=\"\" data-height=\"613\" data-id=\"328\" data-link=\"https:\/\/lestremhunting.fr\/?attachment_id=328\" data-url=\"https:\/\/lestremhunting.fr\/wp-content\/uploads\/2024\/10\/eed194bb-8d80-4418-994b-f3d3da1ee215.jpg?w=920\" data-width=\"920\" aria-label=\"Ouvrir l\u2019image 5 sur 8 en plein \u00e9cran\" \/><\/figure>\r\n<\/div>\r\n<div class=\"tiled-gallery__col\" style=\"flex-basis: 68.27164%;\">\r\n<figure class=\"tiled-gallery__item\"><img data-recalc-dims=\"1\" decoding=\"async\" role=\"button\" tabindex=\"0\" aria-label=\"Abrir la imagen 6 de 8 en pantalla completa\"srcset=\"https:\/\/lestremhunting.fr\/wp-content\/uploads\/2024\/10\/6dd11076-9179-413a-9456-b9666a4fee04.jpg?strip=info&#038;w=600 600w,https:\/\/lestremhunting.fr\/wp-content\/uploads\/2024\/10\/6dd11076-9179-413a-9456-b9666a4fee04.jpg?strip=info&#038;w=900 900w,https:\/\/lestremhunting.fr\/wp-content\/uploads\/2024\/10\/6dd11076-9179-413a-9456-b9666a4fee04.jpg?strip=info&#038;w=1200 1200w,https:\/\/lestremhunting.fr\/wp-content\/uploads\/2024\/10\/6dd11076-9179-413a-9456-b9666a4fee04.jpg?strip=info&#038;w=1280 1280w\" role=\"button\" src=\"https:\/\/i0.wp.com\/lestremhunting.fr\/wp-content\/uploads\/2024\/10\/6dd11076-9179-413a-9456-b9666a4fee04.jpg?ssl=1\" alt=\"\" data-height=\"1600\" data-id=\"333\" data-link=\"https:\/\/lestremhunting.fr\/?attachment_id=333\" data-url=\"https:\/\/lestremhunting.fr\/wp-content\/uploads\/2024\/10\/6dd11076-9179-413a-9456-b9666a4fee04.jpg?w=819\" data-width=\"1280\" aria-label=\"Ouvrir l\u2019image 6 sur 8 en plein \u00e9cran\" \/><\/figure>\r\n<\/div>\r\n<\/div>\r\n<div class=\"tiled-gallery__row\">\r\n<div class=\"tiled-gallery__col\" style=\"flex-basis: 50.00000%;\">\r\n<figure class=\"tiled-gallery__item\"><img data-recalc-dims=\"1\" decoding=\"async\" role=\"button\" tabindex=\"0\" aria-label=\"Abrir la imagen 7 de 8 en pantalla completa\"srcset=\"https:\/\/lestremhunting.fr\/wp-content\/uploads\/2024\/10\/433c492c-78b2-438b-a831-17e5abcf939d.jpg?strip=info&#038;w=600 600w,https:\/\/lestremhunting.fr\/wp-content\/uploads\/2024\/10\/433c492c-78b2-438b-a831-17e5abcf939d.jpg?strip=info&#038;w=900 900w,https:\/\/lestremhunting.fr\/wp-content\/uploads\/2024\/10\/433c492c-78b2-438b-a831-17e5abcf939d.jpg?strip=info&#038;w=1200 1200w,https:\/\/lestremhunting.fr\/wp-content\/uploads\/2024\/10\/433c492c-78b2-438b-a831-17e5abcf939d.jpg?strip=info&#038;w=1500 1500w,https:\/\/lestremhunting.fr\/wp-content\/uploads\/2024\/10\/433c492c-78b2-438b-a831-17e5abcf939d.jpg?strip=info&#038;w=1600 1600w\" role=\"button\" src=\"https:\/\/i0.wp.com\/lestremhunting.fr\/wp-content\/uploads\/2024\/10\/433c492c-78b2-438b-a831-17e5abcf939d.jpg?ssl=1\" alt=\"\" data-height=\"1600\" data-id=\"331\" data-link=\"https:\/\/lestremhunting.fr\/?attachment_id=331\" data-url=\"https:\/\/lestremhunting.fr\/wp-content\/uploads\/2024\/10\/433c492c-78b2-438b-a831-17e5abcf939d.jpg?w=1024\" data-width=\"1600\" aria-label=\"Ouvrir l\u2019image 7 sur 8 en plein \u00e9cran\" \/><\/figure>\r\n<\/div>\r\n<div class=\"tiled-gallery__col\" style=\"flex-basis: 50.00000%;\">\r\n<figure class=\"tiled-gallery__item\"><img data-recalc-dims=\"1\" decoding=\"async\" role=\"button\" tabindex=\"0\" aria-label=\"Abrir la imagen 8 de 8 en pantalla completa\"srcset=\"https:\/\/lestremhunting.fr\/wp-content\/uploads\/2024\/10\/a0b38767-5769-4999-8b5e-97f55ba2ff06-3.jpg?strip=info&#038;w=600 600w,https:\/\/lestremhunting.fr\/wp-content\/uploads\/2024\/10\/a0b38767-5769-4999-8b5e-97f55ba2ff06-3.jpg?strip=info&#038;w=900 900w,https:\/\/lestremhunting.fr\/wp-content\/uploads\/2024\/10\/a0b38767-5769-4999-8b5e-97f55ba2ff06-3.jpg?strip=info&#038;w=1200 1200w,https:\/\/lestremhunting.fr\/wp-content\/uploads\/2024\/10\/a0b38767-5769-4999-8b5e-97f55ba2ff06-3.jpg?strip=info&#038;w=1500 1500w,https:\/\/lestremhunting.fr\/wp-content\/uploads\/2024\/10\/a0b38767-5769-4999-8b5e-97f55ba2ff06-3.jpg?strip=info&#038;w=1512 1512w\" role=\"button\" src=\"https:\/\/i0.wp.com\/lestremhunting.fr\/wp-content\/uploads\/2024\/10\/a0b38767-5769-4999-8b5e-97f55ba2ff06-3.jpg?ssl=1\" alt=\"\" data-height=\"1512\" data-id=\"334\" data-link=\"https:\/\/lestremhunting.fr\/?attachment_id=334\" data-url=\"https:\/\/lestremhunting.fr\/wp-content\/uploads\/2024\/10\/a0b38767-5769-4999-8b5e-97f55ba2ff06-3.jpg?w=1024\" data-width=\"1512\" aria-label=\"Ouvrir l\u2019image 8 sur 8 en plein \u00e9cran\" \/><\/figure>\r\n<\/div>\r\n<\/div>\r\n<\/div>\r\n<\/div>\r\n<\/div>\r\n\r\n\r\n\r\n<div class=\"wp-block-media-text has-media-on-the-right is-stacked-on-mobile\">\r\n<div class=\"wp-block-media-text__content\">Puede encontrar la empresa en la siguiente direcci\u00f3n:\r\n\r\nLieu dit la Brousse &#8211; 16370 Saint Suplice de Cognac\r\n\r\nTambi\u00e9n puede ponerse en contacto con ellos en el n\u00famero:\r\n\r\n05 45 35 85 21\r\n\r\n\r\n\r\n<\/div>\r\n<figure class=\"wp-block-media-text__media\"><img data-recalc-dims=\"1\" fetchpriority=\"high\" decoding=\"async\" width=\"645\" height=\"634\" class=\"wp-image-338 size-full\" src=\"https:\/\/i0.wp.com\/lestremhunting.fr\/wp-content\/uploads\/2024\/10\/saint-sulpice-de-cognac.png?resize=645%2C634&#038;ssl=1\" alt=\"\" \/><\/figure>\r\n<\/div>\r\n","protected":false},"excerpt":{"rendered":"<p>Toneler\u00eda Navarre La toneler\u00eda Navarre es una empresa reconocida por su saber hacer tradicional en la fabricaci\u00f3n de barricas destinadas al envejecimiento de los mejores co\u00f1acs. La toneler\u00eda combina tradici\u00f3n e innovaci\u00f3n para crear y reparar barricas excepcionales que satisfacen las exigencias de las casas de co\u00f1ac. Cada barrica dise\u00f1ada es el resultado de un [&hellip;]<\/p>\n","protected":false},"author":255908529,"featured_media":0,"parent":0,"menu_order":0,"comment_status":"closed","ping_status":"closed","template":"","meta":{"_crdt_document":"","advanced_seo_description":"","jetpack_seo_html_title":"","jetpack_seo_noindex":false,"footnotes":""},"class_list":["post-1254","page","type-page","status-publish","hentry"],"jetpack_likes_enabled":true,"jetpack_sharing_enabled":true,"jetpack_shortlink":"https:\/\/wp.me\/Pg3iD2-ke","_links":{"self":[{"href":"https:\/\/lestremhunting.fr\/es\/wp-json\/wp\/v2\/pages\/1254","targetHints":{"allow":["GET"]}}],"collection":[{"href":"https:\/\/lestremhunting.fr\/es\/wp-json\/wp\/v2\/pages"}],"about":[{"href":"https:\/\/lestremhunting.fr\/es\/wp-json\/wp\/v2\/types\/page"}],"author":[{"embeddable":true,"href":"https:\/\/lestremhunting.fr\/es\/wp-json\/wp\/v2\/users\/255908529"}],"replies":[{"embeddable":true,"href":"https:\/\/lestremhunting.fr\/es\/wp-json\/wp\/v2\/comments?post=1254"}],"version-history":[{"count":2,"href":"https:\/\/lestremhunting.fr\/es\/wp-json\/wp\/v2\/pages\/1254\/revisions"}],"predecessor-version":[{"id":1268,"href":"https:\/\/lestremhunting.fr\/es\/wp-json\/wp\/v2\/pages\/1254\/revisions\/1268"}],"wp:attachment":[{"href":"https:\/\/lestremhunting.fr\/es\/wp-json\/wp\/v2\/media?parent=1254"}],"curies":[{"name":"wp","href":"https:\/\/api.w.org\/{rel}","templated":true}]}}