{"id":1181,"date":"2025-11-19T21:40:18","date_gmt":"2025-11-19T20:40:18","guid":{"rendered":"https:\/\/lestremhunting.fr\/?page_id=1181"},"modified":"2026-03-05T17:18:35","modified_gmt":"2026-03-05T16:18:35","slug":"le-pairon-becassier","status":"publish","type":"page","link":"https:\/\/lestremhunting.fr\/es\/le-pairon-becassier\/","title":{"rendered":"LE PAIRON BECASSIER"},"content":{"rendered":"\r\n<h2 class=\"wp-block-heading has-text-align-center\">Le Pairon B\u00e9cassier<\/h2>\r\n\r\n\r\n\r\n\r\n\r\n\r\n\r\n<figure class=\"wp-block-image aligncenter size-large is-resized\"><img data-recalc-dims=\"1\" fetchpriority=\"high\" decoding=\"async\" width=\"444\" height=\"450\" class=\"wp-image-779\" style=\"aspect-ratio: 0.9866319444444445; width: 251px; height: auto;\" src=\"https:\/\/i0.wp.com\/lestremhunting.fr\/wp-content\/uploads\/2025\/11\/img_0810.jpg?resize=444%2C450&#038;ssl=1\" alt=\"\" \/><\/figure>\r\n\r\n\r\n\r\n\r\n\r\n\r\n\r\n\r\nC\u00e9dric Lamaison, director de la marca, reconocida por su saber hacer, que combina tradici\u00f3n, elegancia y pasi\u00f3n por la caza. Esta colaboraci\u00f3n refleja nuestra pasi\u00f3n por la caza menor, y m\u00e1s concretamente por la becada, una presa que requiere paciencia, precisi\u00f3n y amor por la naturaleza.\r\n\r\nLe Pairon B\u00e9cassier ofrece ropa y productos adaptados a todos los gustos y dise\u00f1ados para acompa\u00f1ar a los cazadores en todas sus salidas. Son productos de calidad, \u00e9ticos y sostenibles, que tenemos la suerte de poder utilizar.\r\n\r\n\r\n\r\n\r\n\r\nAl apoyar esta marca, compartimos valores comunes: el respeto por la caza menor, el gusto por los detalles y el aut\u00e9ntico placer de la caza. Le invitamos a descubrir sus colecciones en su p\u00e1gina web y a disfrutar de la excelencia y la tradici\u00f3n que ofrecen a todos los apasionados.\r\n\r\n<a href=\"https:\/\/www.lepaironbecassier.com\">P\u00e1gina web: Le Pairon B\u00e9cassier<\/a>\r\n<p class=\"has-text-align-center wp-block-paragraph\"><\/p>\r\n","protected":false},"excerpt":{"rendered":"<p>Le Pairon B\u00e9cassier C\u00e9dric Lamaison, director de la marca, reconocida por su saber hacer, que combina tradici\u00f3n, elegancia y pasi\u00f3n por la caza. Esta colaboraci\u00f3n refleja nuestra pasi\u00f3n por la caza menor, y m\u00e1s concretamente por la becada, una presa que requiere paciencia, precisi\u00f3n y amor por la naturaleza. Le Pairon B\u00e9cassier ofrece ropa y [&hellip;]<\/p>\n","protected":false},"author":255908529,"featured_media":0,"parent":0,"menu_order":0,"comment_status":"closed","ping_status":"closed","template":"","meta":{"_crdt_document":"","advanced_seo_description":"","jetpack_seo_html_title":"","jetpack_seo_noindex":false,"footnotes":""},"class_list":["post-1181","page","type-page","status-publish","hentry"],"jetpack_likes_enabled":true,"jetpack_sharing_enabled":true,"jetpack_shortlink":"https:\/\/wp.me\/Pg3iD2-j3","_links":{"self":[{"href":"https:\/\/lestremhunting.fr\/es\/wp-json\/wp\/v2\/pages\/1181","targetHints":{"allow":["GET"]}}],"collection":[{"href":"https:\/\/lestremhunting.fr\/es\/wp-json\/wp\/v2\/pages"}],"about":[{"href":"https:\/\/lestremhunting.fr\/es\/wp-json\/wp\/v2\/types\/page"}],"author":[{"embeddable":true,"href":"https:\/\/lestremhunting.fr\/es\/wp-json\/wp\/v2\/users\/255908529"}],"replies":[{"embeddable":true,"href":"https:\/\/lestremhunting.fr\/es\/wp-json\/wp\/v2\/comments?post=1181"}],"version-history":[{"count":1,"href":"https:\/\/lestremhunting.fr\/es\/wp-json\/wp\/v2\/pages\/1181\/revisions"}],"predecessor-version":[{"id":1183,"href":"https:\/\/lestremhunting.fr\/es\/wp-json\/wp\/v2\/pages\/1181\/revisions\/1183"}],"wp:attachment":[{"href":"https:\/\/lestremhunting.fr\/es\/wp-json\/wp\/v2\/media?parent=1181"}],"curies":[{"name":"wp","href":"https:\/\/api.w.org\/{rel}","templated":true}]}}