{"id":1071,"date":"2025-11-19T21:24:47","date_gmt":"2025-11-19T20:24:47","guid":{"rendered":"https:\/\/lestremhunting.fr\/?page_id=1071"},"modified":"2026-03-05T09:56:20","modified_gmt":"2026-03-05T08:56:20","slug":"dominio-de-bassibe","status":"publish","type":"page","link":"https:\/\/lestremhunting.fr\/es\/dominio-de-bassibe\/","title":{"rendered":"DOMINIO DE BASSIB\u00c9"},"content":{"rendered":"\r\n<h2 class=\"wp-block-heading has-text-align-center\">Dominio de Bassib\u00e9<\/h2>\r\n\r\n\r\n\r\n\r\n\r\n\r\n\r\n<figure class=\"wp-block-image aligncenter size-large\"><img data-recalc-dims=\"1\" fetchpriority=\"high\" decoding=\"async\" width=\"960\" height=\"640\" class=\"wp-image-773\" src=\"https:\/\/i0.wp.com\/lestremhunting.fr\/wp-content\/uploads\/2025\/11\/img_0809.jpg?resize=960%2C640&#038;ssl=1\" alt=\"\" \/><\/figure>\r\n\r\n\r\n\r\n\r\n\r\n\r\n\r\n\r\nPara garantizar a nuestros cazadores un confort \u00f3ptimo durante sus estancias de caza en Gers y Landas, les ofrecemos alojamiento en la finca Domaine de Bassib\u00e9, regentada por Manon y Vincent Farr\u00e9. Situada en S\u00e9gos (Gers), a solo 5 minutos de Landas, esta finca ofrece un entorno ideal para prolongar la experiencia en la naturaleza de su estancia.\r\n\r\n<strong>Una finca excepcional, entre la tradici\u00f3n del Gers y la modernidad :<\/strong>\r\n\r\nLa finca Domaine de Bassib\u00e9 combina el encanto aut\u00e9ntico con los servicios modernos.\r\n\r\n\r\n\r\n\r\n\r\nYa sea para un fin de semana en familia, unas vacaciones en el Gers o una estancia durante sus salidas de caza, disfrutar\u00e1 de un ambiente elegante, tranquilo y acogedor.\r\n\r\n<strong>La finca ofrece :<\/strong>\r\n\r\n\u2022 Habitaciones de hu\u00e9spedes.\r\n\r\n\u2022 Casa rural espaciosa y c\u00f3moda.\r\n\r\n\u2022 Piscina en plena naturaleza.\r\n\r\n\u2022 Bar y espacios acogedores.\r\n\r\n\u2022 Brasero para las veladas despu\u00e9s de la caza.\r\n\r\n\u2022 Servicio de restauraci\u00f3n\/catering in situ.\r\n\r\n\r\n\r\n\r\n\r\n\r\n\r\n\r\n\r\n<strong>Anfitriones apasionados y acogedores :<\/strong>\r\n\r\nVincent, amigo de la infancia y antiguo jugador profesional de rugby con una larga carrera en Agen, y Manon, su esposa, ofrecen una acogida c\u00e1lida, atenta y de calidad. Su sentido de la hospitalidad contribuye a que el Domaine de Bassib\u00e9 sea un referente para una estancia de caza satisfactoria en el suroeste.\r\n\r\n\r\n\r\n\r\n\r\n\r\n\r\n\r\n\r\n<strong>El marco ideal para sus estancias de caza en el Gers :<\/strong>\r\n\r\nEn plena naturaleza, en un entorno tranquilo y cerca de los mejores cotos de caza, el Domaine de Bassib\u00e9 es el lugar perfecto para:\r\n\r\n\u2022 La caza de corzos en verano e invierno.\r\n\r\n\u2022 Las estancias de caza menor: zorzales, palomas, alondras, becadas.\r\n\r\nUn lugar tranquilo, c\u00f3modo y pensado para acoger a los cazadores en las mejores condiciones.\r\n\r\n<a href=\"https:\/\/domainedebassibe.com\">Sitio web: Domaine de Bassib\u00e9<\/a>\r\n<p class=\"has-text-align-center wp-block-paragraph\"><\/p>\r\n","protected":false},"excerpt":{"rendered":"<p>Dominio de Bassib\u00e9 Para garantizar a nuestros cazadores un confort \u00f3ptimo durante sus estancias de caza en Gers y Landas, les ofrecemos alojamiento en la finca Domaine de Bassib\u00e9, regentada por Manon y Vincent Farr\u00e9. Situada en S\u00e9gos (Gers), a solo 5 minutos de Landas, esta finca ofrece un entorno ideal para prolongar la experiencia [&hellip;]<\/p>\n","protected":false},"author":255908529,"featured_media":0,"parent":0,"menu_order":0,"comment_status":"closed","ping_status":"closed","template":"","meta":{"_crdt_document":"","advanced_seo_description":"","jetpack_seo_html_title":"","jetpack_seo_noindex":false,"footnotes":""},"class_list":["post-1071","page","type-page","status-publish","hentry"],"jetpack_likes_enabled":true,"jetpack_sharing_enabled":true,"jetpack_shortlink":"https:\/\/wp.me\/Pg3iD2-hh","_links":{"self":[{"href":"https:\/\/lestremhunting.fr\/es\/wp-json\/wp\/v2\/pages\/1071","targetHints":{"allow":["GET"]}}],"collection":[{"href":"https:\/\/lestremhunting.fr\/es\/wp-json\/wp\/v2\/pages"}],"about":[{"href":"https:\/\/lestremhunting.fr\/es\/wp-json\/wp\/v2\/types\/page"}],"author":[{"embeddable":true,"href":"https:\/\/lestremhunting.fr\/es\/wp-json\/wp\/v2\/users\/255908529"}],"replies":[{"embeddable":true,"href":"https:\/\/lestremhunting.fr\/es\/wp-json\/wp\/v2\/comments?post=1071"}],"version-history":[{"count":2,"href":"https:\/\/lestremhunting.fr\/es\/wp-json\/wp\/v2\/pages\/1071\/revisions"}],"predecessor-version":[{"id":1074,"href":"https:\/\/lestremhunting.fr\/es\/wp-json\/wp\/v2\/pages\/1071\/revisions\/1074"}],"wp:attachment":[{"href":"https:\/\/lestremhunting.fr\/es\/wp-json\/wp\/v2\/media?parent=1071"}],"curies":[{"name":"wp","href":"https:\/\/api.w.org\/{rel}","templated":true}]}}