{"id":1066,"date":"2025-11-19T21:24:47","date_gmt":"2025-11-19T20:24:47","guid":{"rendered":"https:\/\/lestremhunting.fr\/?page_id=1066"},"modified":"2026-03-05T17:51:52","modified_gmt":"2026-03-05T16:51:52","slug":"bassibe-estate","status":"publish","type":"page","link":"https:\/\/lestremhunting.fr\/en\/bassibe-estate\/","title":{"rendered":"BASSIB\u00c9 ESTATE"},"content":{"rendered":"\r\n<h2 class=\"wp-block-heading has-text-align-center\">BASSIB\u00c9 ESTATE<\/h2>\r\n\r\n\r\n\r\n\r\n\r\n<figure class=\"wp-block-image aligncenter size-large\"><img data-recalc-dims=\"1\" fetchpriority=\"high\" decoding=\"async\" width=\"960\" height=\"640\" class=\"wp-image-773\" src=\"https:\/\/i0.wp.com\/lestremhunting.fr\/wp-content\/uploads\/2025\/11\/img_0809.jpg?resize=960%2C640&#038;ssl=1\" alt=\"\" \/><\/figure>\r\n\r\n\r\n\r\n\r\n\r\n<p class=\"wp-block-paragraph\">To ensure our hunters enjoy optimal comfort during their hunting trips in the Gers and Landes regions, we offer accommodation at the Domaine de Bassib\u00e9, run by Manon and Vincent Farr\u00e9. Located in S\u00e9gos (Gers), just 5 minutes from the Landes region, this estate offers the ideal setting to extend the nature experience of your stay. <strong>An exceptional estate, combining Gers tradition and modernity :<\/strong> The Domaine de Bassib\u00e9 combines authentic charm with modern amenities.<\/p>\r\n\r\n\r\n\r\n<p class=\"wp-block-paragraph\">Whether you are planning a family weekend, a holiday in the Gers or a hunting trip, you will enjoy an elegant, peaceful and welcoming atmosphere. <strong>The estate offers :<\/strong> \u2022 Guest rooms \u2022 Spacious and comfortable holiday cottage \u2022 Swimming pool surrounded by nature \u2022 Bar and convivial spaces \u2022 Brazier for post-hunting evenings \u2022 On-site catering service<\/p>\r\n\r\n\r\n\r\n\r\n\r\n<p class=\"wp-block-paragraph\"><strong>Passionate and welcoming hosts:<\/strong> Vincent, a childhood friend and former professional rugby player who had a long career in Agen, and Manon, his wife, offer a warm, attentive and high-quality welcome. Their sense of hospitality contributes to making the Domaine de Bassib\u00e9 a benchmark for a successful hunting trip in the South-West.<\/p>\r\n\r\n\r\n\r\n\r\n\r\n<p class=\"wp-block-paragraph\"><strong>The ideal setting for your hunting trips in the Gers :<\/strong> Surrounded by nature, peaceful and close to the best hunting grounds, the Domaine de Bassib\u00e9 is the perfect place for: \u2022 Summer and winter deer hunting \u2022 Small game hunting trips: thrushes, wood pigeons, larks, woodcocks A peaceful, comfortable place designed to welcome hunters in the best possible conditions. <a href=\"https:\/\/domainedebassibe.com\">Website: Domaine de Bassib\u00e9<\/a><\/p>\r\n","protected":false},"excerpt":{"rendered":"<p>BASSIB\u00c9 ESTATE To ensure our hunters enjoy optimal comfort during their hunting trips in the Gers and Landes regions, we offer accommodation at the Domaine de Bassib\u00e9, run by Manon and Vincent Farr\u00e9. Located in S\u00e9gos (Gers), just 5 minutes from the Landes region, this estate offers the ideal setting to extend the nature experience [&hellip;]<\/p>\n","protected":false},"author":255908529,"featured_media":0,"parent":0,"menu_order":0,"comment_status":"closed","ping_status":"closed","template":"","meta":{"_crdt_document":"","advanced_seo_description":"","jetpack_seo_html_title":"","jetpack_seo_noindex":false,"footnotes":""},"class_list":["post-1066","page","type-page","status-publish","hentry"],"jetpack_likes_enabled":true,"jetpack_sharing_enabled":true,"jetpack_shortlink":"https:\/\/wp.me\/Pg3iD2-hc","_links":{"self":[{"href":"https:\/\/lestremhunting.fr\/en\/wp-json\/wp\/v2\/pages\/1066","targetHints":{"allow":["GET"]}}],"collection":[{"href":"https:\/\/lestremhunting.fr\/en\/wp-json\/wp\/v2\/pages"}],"about":[{"href":"https:\/\/lestremhunting.fr\/en\/wp-json\/wp\/v2\/types\/page"}],"author":[{"embeddable":true,"href":"https:\/\/lestremhunting.fr\/en\/wp-json\/wp\/v2\/users\/255908529"}],"replies":[{"embeddable":true,"href":"https:\/\/lestremhunting.fr\/en\/wp-json\/wp\/v2\/comments?post=1066"}],"version-history":[{"count":4,"href":"https:\/\/lestremhunting.fr\/en\/wp-json\/wp\/v2\/pages\/1066\/revisions"}],"predecessor-version":[{"id":1270,"href":"https:\/\/lestremhunting.fr\/en\/wp-json\/wp\/v2\/pages\/1066\/revisions\/1270"}],"wp:attachment":[{"href":"https:\/\/lestremhunting.fr\/en\/wp-json\/wp\/v2\/media?parent=1066"}],"curies":[{"name":"wp","href":"https:\/\/api.w.org\/{rel}","templated":true}]}}